{"id":468,"date":"2021-05-10T09:22:24","date_gmt":"2021-05-10T09:22:24","guid":{"rendered":"http:\/\/wordpressprojektas.patria.lt\/?page_id=468"},"modified":"2023-04-20T13:54:35","modified_gmt":"2023-04-20T13:54:35","slug":"kontaktai","status":"publish","type":"page","link":"https:\/\/patria.lt\/lt_lt\/kontaktai\/","title":{"rendered":"Kontaktai"},"content":{"rendered":"\t\t<div data-elementor-type=\"wp-page\" data-elementor-id=\"468\" class=\"elementor elementor-468\">\n\t\t\t\t\t\t<section class=\"elementor-section elementor-top-section elementor-element elementor-element-3c53b0e9 elementor-section-stretched elementor-section-boxed elementor-section-height-default elementor-section-height-default\" data-id=\"3c53b0e9\" data-element_type=\"section\" id=\"team-of-creatives\" data-settings=\"{&quot;stretch_section&quot;:&quot;section-stretched&quot;,&quot;background_background&quot;:&quot;classic&quot;}\">\n\t\t\t\t\t\t<div class=\"elementor-container elementor-column-gap-default\">\n\t\t\t\t\t<div class=\"elementor-column elementor-col-100 elementor-top-column elementor-element elementor-element-2c6d4690\" data-id=\"2c6d4690\" data-element_type=\"column\">\n\t\t\t<div class=\"elementor-widget-wrap elementor-element-populated\">\n\t\t\t\t\t\t<div class=\"elementor-element elementor-element-380a8c01 elementor-widget elementor-widget-heading\" data-id=\"380a8c01\" data-element_type=\"widget\" data-widget_type=\"heading.default\">\n\t\t\t\t<div class=\"elementor-widget-container\">\n\t\t\t<h3 class=\"elementor-heading-title elementor-size-default\">mes laukiame j\u016bs\u0173<\/h3>\t\t<\/div>\n\t\t\t\t<\/div>\n\t\t\t\t<div class=\"elementor-element elementor-element-72001fbe premium-header-inline premium-lq__none premium-box-lq__none elementor-widget elementor-widget-premium-addon-dual-header\" data-id=\"72001fbe\" data-element_type=\"widget\" data-settings=\"{&quot;_animation_tablet&quot;:&quot;none&quot;,&quot;_animation_mobile&quot;:&quot;none&quot;}\" data-widget_type=\"premium-addon-dual-header.default\">\n\t\t\t\t<div class=\"elementor-widget-container\">\n\t\t\t\n\t\t<div class=\"elementor-widget-container\">\n\t\t\t\t\t<h2 class=\"premium-dual-header-first-header \"><span class=\"premium-dual-header-first-span\">Susisiekite <\/span><span class=\"premium-dual-header-second-header \">su mumis!<\/span><\/h2> \t\t\t\t<\/div>\n\n\t\t\t\t<\/div>\n\t\t\t\t<\/div>\n\t\t\t\t<div class=\"elementor-element elementor-element-48326c8e elementor-widget elementor-widget-text-editor\" data-id=\"48326c8e\" data-element_type=\"widget\" data-widget_type=\"text-editor.default\">\n\t\t\t\t<div class=\"elementor-widget-container\">\n\t\t\t\t\t\t\t<p>Pasirinkite jums patogiausi\u0105 b\u016bd\u0105, ir mes su jumis susisieksime kiek \u012fmanoma grei\u010diau<\/p>\t\t\t\t\t\t<\/div>\n\t\t\t\t<\/div>\n\t\t\t\t\t<\/div>\n\t\t<\/div>\n\t\t\t\t\t<\/div>\n\t\t<\/section>\n\t\t\t\t<section class=\"elementor-section elementor-top-section elementor-element elementor-element-77565274 elementor-section-stretched elementor-section-boxed elementor-section-height-default elementor-section-height-default\" data-id=\"77565274\" data-element_type=\"section\" data-settings=\"{&quot;stretch_section&quot;:&quot;section-stretched&quot;,&quot;background_background&quot;:&quot;classic&quot;}\">\n\t\t\t\t\t\t<div class=\"elementor-container elementor-column-gap-default\">\n\t\t\t\t\t<div class=\"elementor-column elementor-col-100 elementor-top-column elementor-element elementor-element-3d3714b\" data-id=\"3d3714b\" data-element_type=\"column\">\n\t\t\t<div class=\"elementor-widget-wrap elementor-element-populated\">\n\t\t\t\t\t\t<div class=\"elementor-element elementor-element-eb6ef23 elementor-widget elementor-widget-google_maps\" data-id=\"eb6ef23\" data-element_type=\"widget\" data-widget_type=\"google_maps.default\">\n\t\t\t\t<div class=\"elementor-widget-container\">\n\t\t\t\t\t<div class=\"elementor-custom-embed\">\n\t\t\t<iframe loading=\"lazy\"\n\t\t\t\t\tsrc=\"https:\/\/maps.google.com\/maps?q=Smalinink%C5%B3%20g.%209%2C%20Kaunas%2044294&#038;t=m&#038;z=11&#038;output=embed&#038;iwloc=near\"\n\t\t\t\t\ttitle=\"Smalinink\u0173 g. 9, Kaunas 44294\"\n\t\t\t\t\taria-label=\"Smalinink\u0173 g. 9, Kaunas 44294\"\n\t\t\t><\/iframe>\n\t\t<\/div>\n\t\t\t\t<\/div>\n\t\t\t\t<\/div>\n\t\t\t\t\t<\/div>\n\t\t<\/div>\n\t\t\t\t\t<\/div>\n\t\t<\/section>\n\t\t\t\t<section class=\"elementor-section elementor-top-section elementor-element elementor-element-9bb27b1 elementor-section-boxed elementor-section-height-default elementor-section-height-default\" data-id=\"9bb27b1\" data-element_type=\"section\" data-settings=\"{&quot;background_background&quot;:&quot;classic&quot;,&quot;shape_divider_top&quot;:&quot;tilt&quot;}\">\n\t\t\t\t\t<div class=\"elementor-shape elementor-shape-top\" data-negative=\"false\">\n\t\t\t<svg xmlns=\"http:\/\/www.w3.org\/2000\/svg\" viewBox=\"0 0 1000 100\" preserveAspectRatio=\"none\">\n\t<path class=\"elementor-shape-fill\" d=\"M0,6V0h1000v100L0,6z\"\/>\n<\/svg>\t\t<\/div>\n\t\t\t\t\t<div class=\"elementor-container elementor-column-gap-default\">\n\t\t\t\t\t<div class=\"elementor-column elementor-col-100 elementor-top-column elementor-element elementor-element-22da9fd\" data-id=\"22da9fd\" data-element_type=\"column\">\n\t\t\t<div class=\"elementor-widget-wrap elementor-element-populated\">\n\t\t\t\t\t\t<div class=\"elementor-element elementor-element-527102b elementor-widget elementor-widget-heading\" data-id=\"527102b\" data-element_type=\"widget\" data-widget_type=\"heading.default\">\n\t\t\t\t<div class=\"elementor-widget-container\">\n\t\t\t<h3 class=\"elementor-heading-title elementor-size-default\">lauksime j\u016bs\u0173 atviromis rankomis<\/h3>\t\t<\/div>\n\t\t\t\t<\/div>\n\t\t\t\t<div class=\"elementor-element elementor-element-05d63ee premium-header-inline premium-lq__none premium-box-lq__none elementor-widget elementor-widget-premium-addon-dual-header\" data-id=\"05d63ee\" data-element_type=\"widget\" data-settings=\"{&quot;_animation_tablet&quot;:&quot;none&quot;,&quot;_animation_mobile&quot;:&quot;none&quot;}\" data-widget_type=\"premium-addon-dual-header.default\">\n\t\t\t\t<div class=\"elementor-widget-container\">\n\t\t\t\n\t\t<div class=\"elementor-widget-container\">\n\t\t\t\t\t<h2 class=\"premium-dual-header-first-header \"><span class=\"premium-dual-header-first-span\">Visa jums <\/span><span class=\"premium-dual-header-second-header \">reikalinga informacija<\/span><\/h2> \t\t\t\t<\/div>\n\n\t\t\t\t<\/div>\n\t\t\t\t<\/div>\n\t\t\t\t<div class=\"elementor-element elementor-element-216964a elementor-widget elementor-widget-text-editor\" data-id=\"216964a\" data-element_type=\"widget\" data-widget_type=\"text-editor.default\">\n\t\t\t\t<div class=\"elementor-widget-container\">\n\t\t\t\t\t\t\t<p><strong>V\u0160\u012e &#8222;Actio Catholica Patria&#8221;<\/strong><\/p><p>Smalinink\u0173 g. 9, LT-44295<\/p>\t\t\t\t\t\t<\/div>\n\t\t\t\t<\/div>\n\t\t\t\t<div class=\"elementor-element elementor-element-e4d7021 elementor-widget elementor-widget-text-editor\" data-id=\"e4d7021\" data-element_type=\"widget\" data-widget_type=\"text-editor.default\">\n\t\t\t\t<div class=\"elementor-widget-container\">\n\t\t\t\t\t\t\t<p><strong>El.p<\/strong> :\u00a0 info@patria.lt<\/p><p><strong>Darbo laikas:<\/strong> 9:00 &#8211; 17:00\u00a0<\/p><p><strong>\u012emon\u0117s kodas:<\/strong> 190777829<\/p><p><strong>Banko s\u0105skaitos nr.:<\/strong> LT757300010002246584<\/p>\t\t\t\t\t\t<\/div>\n\t\t\t\t<\/div>\n\t\t\t\t\t<\/div>\n\t\t<\/div>\n\t\t\t\t\t<\/div>\n\t\t<\/section>\n\t\t\t\t<section class=\"elementor-section elementor-top-section elementor-element elementor-element-3017d1f9 elementor-section-stretched elementor-section-height-min-height elementor-section-content-middle elementor-section-boxed elementor-section-height-default elementor-section-items-middle\" data-id=\"3017d1f9\" data-element_type=\"section\" data-settings=\"{&quot;stretch_section&quot;:&quot;section-stretched&quot;,&quot;background_background&quot;:&quot;classic&quot;}\">\n\t\t\t\t\t\t<div class=\"elementor-container elementor-column-gap-default\">\n\t\t\t\t\t<div class=\"elementor-column elementor-col-50 elementor-top-column elementor-element elementor-element-1cf015a\" data-id=\"1cf015a\" data-element_type=\"column\">\n\t\t\t<div class=\"elementor-widget-wrap elementor-element-populated\">\n\t\t\t\t\t\t<div class=\"elementor-element elementor-element-574ea86 elementor-widget elementor-widget-text-editor\" data-id=\"574ea86\" data-element_type=\"widget\" data-widget_type=\"text-editor.default\">\n\t\t\t\t<div class=\"elementor-widget-container\">\n\t\t\t\t\t\t\t<p><strong>Tel .: +370 600 19550<\/strong> biuras<\/p><p><strong>+370 679 36450 <\/strong>Savaranki\u0161kumo ugdymo centro &#8222;Kitaip&#8221; lydimasis b\u016bstas<\/p><p><strong>+370 641 44323 <\/strong>Savaranki\u0161kumo ugdymo centras &#8222;Kitaip&#8221;\u00a0<\/p>\t\t\t\t\t\t<\/div>\n\t\t\t\t<\/div>\n\t\t\t\t\t<\/div>\n\t\t<\/div>\n\t\t\t\t<div class=\"elementor-column elementor-col-50 elementor-top-column elementor-element elementor-element-69e6b321 elementor-hidden-tablet elementor-hidden-phone\" data-id=\"69e6b321\" data-element_type=\"column\" data-settings=\"{&quot;background_background&quot;:&quot;classic&quot;}\">\n\t\t\t<div class=\"elementor-widget-wrap\">\n\t\t\t\t\t\t\t<\/div>\n\t\t<\/div>\n\t\t\t\t\t<\/div>\n\t\t<\/section>\n\t\t\t\t<section class=\"elementor-section elementor-top-section elementor-element elementor-element-9d112b9 elementor-section-stretched elementor-section-height-min-height elementor-section-content-middle elementor-section-boxed elementor-section-height-default elementor-section-items-middle\" data-id=\"9d112b9\" data-element_type=\"section\" data-settings=\"{&quot;stretch_section&quot;:&quot;section-stretched&quot;,&quot;background_background&quot;:&quot;classic&quot;}\">\n\t\t\t\t\t\t<div class=\"elementor-container elementor-column-gap-default\">\n\t\t\t\t\t<div class=\"elementor-column elementor-col-50 elementor-top-column elementor-element elementor-element-d890183\" data-id=\"d890183\" data-element_type=\"column\">\n\t\t\t<div class=\"elementor-widget-wrap elementor-element-populated\">\n\t\t\t\t\t\t<div class=\"elementor-element elementor-element-7ed334b elementor-widget elementor-widget-text-editor\" data-id=\"7ed334b\" data-element_type=\"widget\" data-widget_type=\"text-editor.default\">\n\t\t\t\t<div class=\"elementor-widget-container\">\n\t\t\t\t\t\t\t<p><strong>+370 672 34848<\/strong> Atviras jaunimo centras &#8222;Vartai&#8221;<\/p><p><strong>+370 670 05103<\/strong> ESK tarptautin\u0117s savanori\u0161kos veiklos pri\u0117mimo koordinator\u0117s<\/p><p><strong>+370 647 34826<\/strong> Tarptautin\u0117s savanori\u0161kos veiklos siuntimo koordinator\u0117<\/p><p><strong>+370 630 58865<\/strong> Vietin\u0117s savanoryst\u0117s programos JST savanori\u0173 mentor\u0117s<\/p>\t\t\t\t\t\t<\/div>\n\t\t\t\t<\/div>\n\t\t\t\t\t<\/div>\n\t\t<\/div>\n\t\t\t\t<div class=\"elementor-column elementor-col-50 elementor-top-column elementor-element elementor-element-91236eb\" data-id=\"91236eb\" data-element_type=\"column\">\n\t\t\t<div class=\"elementor-widget-wrap elementor-element-populated\">\n\t\t\t\t\t\t<div class=\"elementor-element elementor-element-b524630 elementor-widget elementor-widget-image\" data-id=\"b524630\" data-element_type=\"widget\" data-widget_type=\"image.default\">\n\t\t\t\t<div class=\"elementor-widget-container\">\n\t\t\t\t\t\t\t\t\t\t\t\t\t<img fetchpriority=\"high\" decoding=\"async\" width=\"1024\" height=\"642\" src=\"https:\/\/patria.lt\/wp-content\/uploads\/2021\/05\/rankos-kontaktai2-1024x642.png\" class=\"attachment-large size-large wp-image-499\" alt=\"\" srcset=\"https:\/\/patria.lt\/wp-content\/uploads\/2021\/05\/rankos-kontaktai2-1024x642.png 1024w, https:\/\/patria.lt\/wp-content\/uploads\/2021\/05\/rankos-kontaktai2-600x376.png 600w, https:\/\/patria.lt\/wp-content\/uploads\/2021\/05\/rankos-kontaktai2-300x188.png 300w, https:\/\/patria.lt\/wp-content\/uploads\/2021\/05\/rankos-kontaktai2-768x481.png 768w, https:\/\/patria.lt\/wp-content\/uploads\/2021\/05\/rankos-kontaktai2.png 1200w\" sizes=\"(max-width: 1024px) 100vw, 1024px\" \/>\t\t\t\t\t\t\t\t\t\t\t\t\t<\/div>\n\t\t\t\t<\/div>\n\t\t\t\t\t<\/div>\n\t\t<\/div>\n\t\t\t\t\t<\/div>\n\t\t<\/section>\n\t\t\t\t<\/div>\n\t\t","protected":false},"excerpt":{"rendered":"<p>mes laukiame j\u016bs\u0173 Susisiekite su mumis! Pasirinkite jums patogiausi\u0105 b\u016bd\u0105, ir mes su jumis susisieksime kiek \u012fmanoma grei\u010diau lauksime j\u016bs\u0173 atviromis rankomis Visa jums reikalinga informacija V\u0160\u012e &#8222;Actio Catholica Patria&#8221; Smalinink\u0173 g. 9, LT-44295 El.p :\u00a0 info@patria.lt Darbo laikas: 9:00 &#8211; 17:00\u00a0 \u012emon\u0117s kodas: 190777829 Banko s\u0105skaitos nr.: LT757300010002246584 Tel .: +370 600 19550 biuras [&hellip;]<\/p>\n","protected":false},"author":1,"featured_media":0,"parent":0,"menu_order":0,"comment_status":"closed","ping_status":"closed","template":"","meta":{"give_campaign_id":0,"footnotes":""},"class_list":["post-468","page","type-page","status-publish","hentry","entry","owp-thumbs-layout-horizontal","owp-btn-normal","owp-tabs-layout-horizontal","has-no-thumbnails","has-product-nav"],"aioseo_notices":[],"campaignId":"","_links":{"self":[{"href":"https:\/\/patria.lt\/lt_lt\/wp-json\/wp\/v2\/pages\/468","targetHints":{"allow":["GET"]}}],"collection":[{"href":"https:\/\/patria.lt\/lt_lt\/wp-json\/wp\/v2\/pages"}],"about":[{"href":"https:\/\/patria.lt\/lt_lt\/wp-json\/wp\/v2\/types\/page"}],"author":[{"embeddable":true,"href":"https:\/\/patria.lt\/lt_lt\/wp-json\/wp\/v2\/users\/1"}],"replies":[{"embeddable":true,"href":"https:\/\/patria.lt\/lt_lt\/wp-json\/wp\/v2\/comments?post=468"}],"version-history":[{"count":64,"href":"https:\/\/patria.lt\/lt_lt\/wp-json\/wp\/v2\/pages\/468\/revisions"}],"predecessor-version":[{"id":2820,"href":"https:\/\/patria.lt\/lt_lt\/wp-json\/wp\/v2\/pages\/468\/revisions\/2820"}],"wp:attachment":[{"href":"https:\/\/patria.lt\/lt_lt\/wp-json\/wp\/v2\/media?parent=468"}],"curies":[{"name":"wp","href":"https:\/\/api.w.org\/{rel}","templated":true}]}}