{"id":3,"date":"2021-04-29T14:21:20","date_gmt":"2021-04-29T14:21:20","guid":{"rendered":"http:\/\/wordpressprojektas.patria.lt\/?page_id=3"},"modified":"2021-06-10T16:36:13","modified_gmt":"2021-06-10T16:36:13","slug":"privatumo-politika","status":"publish","type":"page","link":"https:\/\/patria.lt\/lt_lt\/privatumo-politika\/","title":{"rendered":"Privatumo politika"},"content":{"rendered":"\n<p><strong class=\"privacy-policy-tutorial\">Privatumo politik\u0105 taip pat galite atsisi\u0173sti <a href=\"https:\/\/patria.lt\/wp-content\/uploads\/2021\/06\/Privatumo-politika.pdf\" target=\"_blank\" rel=\"noreferrer noopener\">\u010dia<\/a><\/strong><\/p>\n\n\n\n<h2 class=\"wp-block-heading\">1. Asmens duomen\u0173 tvarkymas<\/h2>\n\n\n\n<p><strong class=\"privacy-policy-tutorial\">\u012emon\u0117 asmens duomenis tvarko vadovaudamasi Europos S\u0105jungos Bendruoju duomen\u0173 apsaugos reglamentu (ES) 2016\/679 (toliau \u2013 Reglamentas), Lietuvos Respublikos asmens duomen\u0173 teisin\u0117s apsaugos \u012fstatymu bei kitais teis\u0117s aktais, reglamentuojan\u010diais asmens duomen\u0173 tvarkym\u0105. Tvarkom\u0173 asmens duomen\u0173 apimtis priklauso nuo u\u017esakom\u0173, perkam\u0173 ar naudojam\u0173 \u012emon\u0117s preki\u0173 ir to, koki\u0105 informacij\u0105 pateikia asmuo, kaip \u012emon\u0117s svetain\u0117s lankytojas, kai u\u017esisako, perka ir (ar) naudojasi \u012emon\u0117s paslaugomis, lankosi ar registruojasi \u012emon\u0117s interneto svetain\u0117je.<\/strong><\/p>\n\n\n\n<h2 class=\"wp-block-heading\">2. Asmens duomen\u0173 \u0161altiniai<\/h2>\n\n\n\n<p>Duomenis Klientas pateikia pats\u00a0kreipdamasis \u012f \u012emon\u0119, paliekant komentarus, u\u017eduodant klausimus, skiriant param\u0105. Asmeniniai duomenys gaunami Klientui lankantis\u00a0\u012emon\u0117s\u00a0svetain\u0117je adresu:\u00a0<a href=\"http:\/\/www.patria.lt\">www.patria.lt<\/a> svetain\u0117je.<\/p>\n\n\n\n<h2 class=\"wp-block-heading\">3. Slapukai<\/h2>\n\n\n\n<p><strong class=\"privacy-policy-tutorial\">Slapukai \u2013 tai failai, saugantys informacij\u0105 Kliento kompiuterio kietajame diske arba paie\u0161kos programoje. Taip \u012emon\u0117 gali nustatyti, kad Klientas lank\u0117si \u012emon\u0117s internetin\u0117je svetain\u0117je anks\u010diau. \u012emon\u0117 naudoja slapukus, siekiant u\u017etikrinti Klientui pa\u010di\u0105 patogiausi\u0105 svetain\u0117s per\u017ei\u016br\u0105. Slapuk\u0173 naudojimas\u00a0<a href=\"http:\/\/www.patria.lt\">www.patria.lt<\/a> svetain\u0117je:<\/strong><\/p>\n\n\n\n<figure class=\"wp-block-table\"><table><tbody><tr><td><strong>Slapukas<\/strong><\/td><td><strong>Apra\u0161ymas<\/strong><\/td><td><strong>Galiojimo terminas<\/strong><\/td><\/tr><tr><td>_stripe_mid<\/td><td>\u201eStripe\u201c mok\u0117jimo vartai naudoja autentifikavimui ir saugumui u\u017etikrinti<\/td><td>1 metai<\/td><\/tr><tr><td>_stripe_sid<\/td><td>\u201eStripe\u201c mok\u0117jimo vartai naudoja autentifikavimui ir saugumui u\u017etikrinti<\/td><td>30 minut\u0117s<\/td><\/tr><tr><td>private_machine_identifier<\/td><td>\u201eStripe\u201c mok\u0117jimo vart\u0173 slapukas<\/td><td>Iki sesijos pabaigos<\/td><\/tr><tr><td>machine_identifier<\/td><td>\u201eStripe\u201c mok\u0117jimo vart\u0173 slapukas<\/td><td>Iki sesijos pabaigos<\/td><\/tr><tr><td>_stripe_orig_props<\/td><td>\u201eStripe\u201c mok\u0117jimo vart\u0173 slapukas<\/td><td>Iki sesijos pabaigos<\/td><\/tr><tr><td>scfc<\/td><td>\u201eStripe\u201c mok\u0117jimo vart\u0173 slapukas<\/td><td>Iki sesijos pabaigos<\/td><\/tr><tr><td>stripe.csrf<\/td><td>\u201eStripe\u201c mok\u0117jimo vart\u0173 slapukas<\/td><td>Iki sesijos pabaigos<\/td><\/tr><tr><td>_lscache_vary<\/td><td>kad b\u016bt\u0173 i\u0161vengta talpykloje esan\u010di\u0173 puslapi\u0173.<\/td><td>2 dienos<\/td><\/tr><tr><td>newsletter<\/td><td>naudojamas atrakinti turin\u012f, jei naudojama turinio u\u017erakinimo funkcija<\/td><td>Iki sesijos pabaigos<\/td><\/tr><\/tbody><\/table><\/figure>\n","protected":false},"excerpt":{"rendered":"<p>Privatumo politik\u0105 taip pat galite atsisi\u0173sti \u010dia 1. Asmens duomen\u0173 tvarkymas \u012emon\u0117 asmens duomenis tvarko vadovaudamasi Europos S\u0105jungos Bendruoju duomen\u0173 apsaugos reglamentu (ES) 2016\/679 (toliau \u2013 Reglamentas), Lietuvos Respublikos asmens duomen\u0173 teisin\u0117s apsaugos \u012fstatymu bei kitais teis\u0117s aktais, reglamentuojan\u010diais asmens duomen\u0173 tvarkym\u0105. Tvarkom\u0173 asmens duomen\u0173 apimtis priklauso nuo u\u017esakom\u0173, perkam\u0173 ar naudojam\u0173 \u012emon\u0117s preki\u0173 ir [&hellip;]<\/p>\n","protected":false},"author":1,"featured_media":0,"parent":0,"menu_order":0,"comment_status":"closed","ping_status":"open","template":"","meta":{"give_campaign_id":0,"footnotes":""},"class_list":["post-3","page","type-page","status-publish","hentry","entry","owp-thumbs-layout-horizontal","owp-btn-normal","owp-tabs-layout-horizontal","has-no-thumbnails","has-product-nav"],"aioseo_notices":[],"campaignId":"","_links":{"self":[{"href":"https:\/\/patria.lt\/lt_lt\/wp-json\/wp\/v2\/pages\/3","targetHints":{"allow":["GET"]}}],"collection":[{"href":"https:\/\/patria.lt\/lt_lt\/wp-json\/wp\/v2\/pages"}],"about":[{"href":"https:\/\/patria.lt\/lt_lt\/wp-json\/wp\/v2\/types\/page"}],"author":[{"embeddable":true,"href":"https:\/\/patria.lt\/lt_lt\/wp-json\/wp\/v2\/users\/1"}],"replies":[{"embeddable":true,"href":"https:\/\/patria.lt\/lt_lt\/wp-json\/wp\/v2\/comments?post=3"}],"version-history":[{"count":1,"href":"https:\/\/patria.lt\/lt_lt\/wp-json\/wp\/v2\/pages\/3\/revisions"}],"predecessor-version":[{"id":1469,"href":"https:\/\/patria.lt\/lt_lt\/wp-json\/wp\/v2\/pages\/3\/revisions\/1469"}],"wp:attachment":[{"href":"https:\/\/patria.lt\/lt_lt\/wp-json\/wp\/v2\/media?parent=3"}],"curies":[{"name":"wp","href":"https:\/\/api.w.org\/{rel}","templated":true}]}}