{"id":3507,"date":"2024-05-30T18:49:23","date_gmt":"2024-05-30T18:49:23","guid":{"rendered":"https:\/\/patria.lt\/?post_type=product&#038;p=3507"},"modified":"2025-07-15T13:47:33","modified_gmt":"2025-07-15T13:47:33","slug":"korteliu-rinkinys-kelias-i-savirealizacija","status":"publish","type":"product","link":"https:\/\/patria.lt\/en\/produktas\/korteliu-rinkinys-kelias-i-savirealizacija\/","title":{"rendered":"Korteli\u0173 rinkinys &#8222;Kelias \u012f savirealizacij\u0105&#8221;"},"content":{"rendered":"","protected":false},"excerpt":{"rendered":"","protected":false},"featured_media":3508,"template":"","meta":{"give_campaign_id":0},"product_brand":[],"product_cat":[93],"product_tag":[],"class_list":{"0":"post-3507","1":"product","2":"type-product","3":"status-publish","4":"has-post-thumbnail","6":"product_cat-korteles","8":"entry","9":"has-media","11":"first","12":"instock","13":"taxable","14":"shipping-taxable","15":"purchasable","16":"product-type-simple","17":"has-product-nav","18":"col","19":"span_1_of_3","20":"owp-content-center","21":"owp-thumbs-layout-horizontal","22":"owp-btn-normal","23":"owp-tabs-layout-horizontal"},"aioseo_notices":[],"_links":{"self":[{"href":"https:\/\/patria.lt\/en\/wp-json\/wp\/v2\/product\/3507","targetHints":{"allow":["GET"]}}],"collection":[{"href":"https:\/\/patria.lt\/en\/wp-json\/wp\/v2\/product"}],"about":[{"href":"https:\/\/patria.lt\/en\/wp-json\/wp\/v2\/types\/product"}],"wp:featuredmedia":[{"embeddable":true,"href":"https:\/\/patria.lt\/en\/wp-json\/wp\/v2\/media\/3508"}],"wp:attachment":[{"href":"https:\/\/patria.lt\/en\/wp-json\/wp\/v2\/media?parent=3507"}],"wp:term":[{"taxonomy":"product_brand","embeddable":true,"href":"https:\/\/patria.lt\/en\/wp-json\/wp\/v2\/product_brand?post=3507"},{"taxonomy":"product_cat","embeddable":true,"href":"https:\/\/patria.lt\/en\/wp-json\/wp\/v2\/product_cat?post=3507"},{"taxonomy":"product_tag","embeddable":true,"href":"https:\/\/patria.lt\/en\/wp-json\/wp\/v2\/product_tag?post=3507"}],"curies":[{"name":"wp","href":"https:\/\/api.w.org\/{rel}","templated":true}]}}