{"id":466,"date":"2021-05-10T09:22:06","date_gmt":"2021-05-10T09:22:06","guid":{"rendered":"http:\/\/wordpressprojektas.patria.lt\/?page_id=466"},"modified":"2025-04-03T10:09:18","modified_gmt":"2025-04-03T10:09:18","slug":"metines-ataskaitos","status":"publish","type":"page","link":"https:\/\/patria.lt\/en\/metines-ataskaitos\/","title":{"rendered":"Annual reports"},"content":{"rendered":"<div data-elementor-type=\"wp-page\" data-elementor-id=\"466\" class=\"elementor elementor-466\">\n\t\t\t\t\t\t<section class=\"elementor-section elementor-top-section elementor-element elementor-element-380026b elementor-section-boxed elementor-section-height-default elementor-section-height-default\" data-id=\"380026b\" data-element_type=\"section\">\n\t\t\t\t\t\t<div class=\"elementor-container elementor-column-gap-default\">\n\t\t\t\t\t<div class=\"elementor-column elementor-col-100 elementor-top-column elementor-element elementor-element-9d30a24\" data-id=\"9d30a24\" data-element_type=\"column\">\n\t\t\t<div class=\"elementor-widget-wrap elementor-element-populated\">\n\t\t\t\t\t\t<div class=\"elementor-element elementor-element-b71ddea elementor-widget elementor-widget-heading\" data-id=\"b71ddea\" data-element_type=\"widget\" data-widget_type=\"heading.default\">\n\t\t\t\t<div class=\"elementor-widget-container\">\n\t\t\t<h1 class=\"elementor-heading-title elementor-size-default\">Annual reports<\/h1>\t\t<\/div>\n\t\t\t\t<\/div>\n\t\t\t\t\t<\/div>\n\t\t<\/div>\n\t\t\t\t\t<\/div>\n\t\t<\/section>\n\t\t\t\t<section class=\"elementor-section elementor-top-section elementor-element elementor-element-da68102 elementor-section-boxed elementor-section-height-default elementor-section-height-default\" data-id=\"da68102\" data-element_type=\"section\">\n\t\t\t\t\t\t<div class=\"elementor-container elementor-column-gap-default\">\n\t\t\t\t\t<div class=\"elementor-column elementor-col-100 elementor-top-column elementor-element elementor-element-96e61df\" data-id=\"96e61df\" data-element_type=\"column\">\n\t\t\t<div class=\"elementor-widget-wrap elementor-element-populated\">\n\t\t\t\t\t\t<div class=\"elementor-element elementor-element-e415d38 elementor-widget elementor-widget-heading\" data-id=\"e415d38\" data-element_type=\"widget\" data-widget_type=\"heading.default\">\n\t\t\t\t<div class=\"elementor-widget-container\">\n\t\t\t<h2 class=\"elementor-heading-title elementor-size-default\">Pasiekimai ir finansai<\/h2>\t\t<\/div>\n\t\t\t\t<\/div>\n\t\t\t\t\t<\/div>\n\t\t<\/div>\n\t\t\t\t\t<\/div>\n\t\t<\/section>\n\t\t\t\t<section class=\"elementor-section elementor-top-section elementor-element elementor-element-6b786ea elementor-section-boxed elementor-section-height-default elementor-section-height-default\" data-id=\"6b786ea\" data-element_type=\"section\">\n\t\t\t\t\t\t<div class=\"elementor-container elementor-column-gap-default\">\n\t\t\t\t\t<div class=\"elementor-column elementor-col-100 elementor-top-column elementor-element elementor-element-56fbf3b\" data-id=\"56fbf3b\" data-element_type=\"column\">\n\t\t\t<div class=\"elementor-widget-wrap elementor-element-populated\">\n\t\t\t\t\t\t<div class=\"elementor-element elementor-element-0655d3d elementor-widget elementor-widget-text-editor\" data-id=\"0655d3d\" data-element_type=\"widget\" data-widget_type=\"text-editor.default\">\n\t\t\t\t<div class=\"elementor-widget-container\">\n\t\t\t\t\t\t\t<p>Kvie\u010diame per\u017ei\u016br\u0117ti m\u016bs\u0173 organizacijos metines finans\u0173 bei veiklos ataskaitas<\/p>\t\t\t\t\t\t<\/div>\n\t\t\t\t<\/div>\n\t\t\t\t<div class=\"elementor-element elementor-element-2e050c0 elementor-widget elementor-widget-text-editor\" data-id=\"2e050c0\" data-element_type=\"widget\" data-widget_type=\"text-editor.default\">\n\t\t\t\t<div class=\"elementor-widget-container\">\n\t\t\t\t\t\t\t<ul><li><a href=\"https:\/\/patria.lt\/wp-content\/uploads\/2025\/04\/2024-m.-finansines-bukles-ataskaita.pdf\">2024 m. finansin\u0117s b\u016bkl\u0117s ataskaita<\/a><\/li><li><a href=\"https:\/\/patria.lt\/wp-content\/uploads\/2025\/04\/2024-m.-veiklos-ataskaita-1.pdf\">2024 m. veiklos ataskaita<\/a><\/li><li><a href=\"https:\/\/patria.lt\/wp-content\/uploads\/2025\/04\/2024-m.-metinio-balanso-aiskinamasis-rastas-1.pdf\">2024 m. metinio balanso ai\u0161kinamasis ra\u0161tas<\/a><\/li><\/ul>\t\t\t\t\t\t<\/div>\n\t\t\t\t<\/div>\n\t\t\t\t\t<\/div>\n\t\t<\/div>\n\t\t\t\t\t<\/div>\n\t\t<\/section>\n\t\t\t\t<section class=\"elementor-section elementor-top-section elementor-element elementor-element-b97e503 elementor-section-boxed elementor-section-height-default elementor-section-height-default\" data-id=\"b97e503\" data-element_type=\"section\">\n\t\t\t\t\t\t<div class=\"elementor-container elementor-column-gap-default\">\n\t\t\t\t\t<div class=\"elementor-column elementor-col-33 elementor-top-column elementor-element elementor-element-6674f8f\" data-id=\"6674f8f\" data-element_type=\"column\">\n\t\t\t<div class=\"elementor-widget-wrap elementor-element-populated\">\n\t\t\t\t\t\t<div class=\"elementor-element elementor-element-bd9c6fa elementor-widget elementor-widget-text-editor\" data-id=\"bd9c6fa\" data-element_type=\"widget\" data-widget_type=\"text-editor.default\">\n\t\t\t\t<div class=\"elementor-widget-container\">\n\t\t\t\t\t\t\t<ul><li><a href=\"https:\/\/patria.lt\/wp-content\/uploads\/2024\/05\/2023-m.-finansines-ataskaitos.pdf\">2023 m. finansin\u0117s ataskaitos<\/a><\/li><li><a href=\"https:\/\/patria.lt\/wp-content\/uploads\/2024\/05\/2023-m.-metinio-balanso-aiskinamasis-rastas.pdf\">2023 m. metinio balanso ai\u0161kinamasis ra\u0161tas<\/a><\/li><li><a href=\"https:\/\/patria.lt\/wp-content\/uploads\/2024\/05\/2023-m.-veiklos-ataskaita.pdf\">2023 m. veiklos ataskaita<\/a><\/li><\/ul>\t\t\t\t\t\t<\/div>\n\t\t\t\t<\/div>\n\t\t\t\t\t<\/div>\n\t\t<\/div>\n\t\t\t\t<div class=\"elementor-column elementor-col-33 elementor-top-column elementor-element elementor-element-c9183f9\" data-id=\"c9183f9\" data-element_type=\"column\">\n\t\t\t<div class=\"elementor-widget-wrap elementor-element-populated\">\n\t\t\t\t\t\t<div class=\"elementor-element elementor-element-0ee1737 elementor-widget elementor-widget-text-editor\" data-id=\"0ee1737\" data-element_type=\"widget\" data-widget_type=\"text-editor.default\">\n\t\t\t\t<div class=\"elementor-widget-container\">\n\t\t\t\t\t\t\t<ul data-list-animation=\"zoomIn animated-slow\"><li style=\"font-size: 15px;\" data-delay=\"0\"><a style=\"font-size: 15px;\" href=\"https:\/\/patria.lt\/wp-content\/uploads\/2023\/04\/Scan-balansas-2022m..pdf\" aria-label=\"2022 met\u0173 finansinis balansas\">2022 met\u0173 finansinis balansas<br \/><\/a><\/li><li style=\"font-size: 15px;\" data-delay=\"0\"><a style=\"font-size: 15px;\" href=\"https:\/\/patria.lt\/wp-content\/uploads\/2023\/02\/Vsi-actio-catholica-patria-5.pdf\" aria-label=\"2022 met\u0173 veiklos ataskaita\">2022 met\u0173 veiklos ataskaita<\/a><\/li><\/ul>\t\t\t\t\t\t<\/div>\n\t\t\t\t<\/div>\n\t\t\t\t\t<\/div>\n\t\t<\/div>\n\t\t\t\t<div class=\"elementor-column elementor-col-33 elementor-top-column elementor-element elementor-element-80f7192\" data-id=\"80f7192\" data-element_type=\"column\">\n\t\t\t<div class=\"elementor-widget-wrap elementor-element-populated\">\n\t\t\t\t\t\t<div class=\"elementor-element elementor-element-0cf1ad6 elementor-widget elementor-widget-text-editor\" data-id=\"0cf1ad6\" data-element_type=\"widget\" data-widget_type=\"text-editor.default\">\n\t\t\t\t<div class=\"elementor-widget-container\">\n\t\t\t\t\t\t\t<ul data-list-animation=\"zoomIn animated-slow\"><li data-delay=\"0\"><a href=\"https:\/\/patria.lt\/wp-content\/uploads\/2022\/03\/Scan-2021-m.-balansas-pdf.pdf\" aria-label=\"2021 met\u0173 finansinis balansas\">2021 met\u0173 finansinis balansas<br \/><\/a><\/li><li data-delay=\"0\"><a href=\"https:\/\/patria.lt\/wp-content\/uploads\/2022\/04\/Vsi-actio-catholica-patria-1-1.pdf\" aria-label=\"2021 met\u0173 veiklos ataskaita\">2021 met\u0173 veiklos ataskaita<\/a><\/li><\/ul>\t\t\t\t\t\t<\/div>\n\t\t\t\t<\/div>\n\t\t\t\t\t<\/div>\n\t\t<\/div>\n\t\t\t\t\t<\/div>\n\t\t<\/section>\n\t\t\t\t<section class=\"elementor-section elementor-top-section elementor-element elementor-element-04c61db elementor-section-boxed elementor-section-height-default elementor-section-height-default\" data-id=\"04c61db\" data-element_type=\"section\">\n\t\t\t\t\t\t<div class=\"elementor-container elementor-column-gap-default\">\n\t\t\t\t\t<div class=\"elementor-column elementor-col-33 elementor-top-column elementor-element elementor-element-3c7737e\" data-id=\"3c7737e\" data-element_type=\"column\">\n\t\t\t<div class=\"elementor-widget-wrap elementor-element-populated\">\n\t\t\t\t\t\t<div class=\"elementor-element elementor-element-c12c1f4 elementor-widget elementor-widget-text-editor\" data-id=\"c12c1f4\" data-element_type=\"widget\" data-widget_type=\"text-editor.default\">\n\t\t\t\t<div class=\"elementor-widget-container\">\n\t\t\t\t\t\t\t<ul><li><a href=\"https:\/\/patria.lt\/wp-content\/uploads\/2021\/06\/Scan-balansas-uz-2020m..pdf\" aria-label=\"2020 financial balanse\">2020 financial balanse<\/a><\/li><li><a href=\"https:\/\/patria.lt\/wp-content\/uploads\/2021\/05\/2020veiklosataskaita-1.pdf\" aria-label=\"2020 activity report\">2020 activity report<\/a><\/li><\/ul>\t\t\t\t\t\t<\/div>\n\t\t\t\t<\/div>\n\t\t\t\t\t<\/div>\n\t\t<\/div>\n\t\t\t\t<div class=\"elementor-column elementor-col-33 elementor-top-column elementor-element elementor-element-8cf4b1a\" data-id=\"8cf4b1a\" data-element_type=\"column\">\n\t\t\t<div class=\"elementor-widget-wrap elementor-element-populated\">\n\t\t\t\t\t\t<div class=\"elementor-element elementor-element-9d83330 elementor-widget elementor-widget-text-editor\" data-id=\"9d83330\" data-element_type=\"widget\" data-widget_type=\"text-editor.default\">\n\t\t\t\t<div class=\"elementor-widget-container\">\n\t\t\t\t\t\t\t<ul><li><a href=\"https:\/\/patria.lt\/wp-content\/uploads\/2021\/05\/2019acpatriabalansas.pdf\" aria-label=\"2019 financial report\">2019 financial report<\/a><\/li><li><a href=\"https:\/\/patria.lt\/wp-content\/uploads\/2021\/05\/2019acpatriaveiklosataskaita.pdf\">2019 met\u0173 veiklos <\/a><a href=\"https:\/\/patria.lt\/wp-content\/uploads\/2021\/05\/2019acpatriaveiklosataskaita.pdf\">ataskaita<\/a><\/li><\/ul>\t\t\t\t\t\t<\/div>\n\t\t\t\t<\/div>\n\t\t\t\t\t<\/div>\n\t\t<\/div>\n\t\t\t\t<div class=\"elementor-column elementor-col-33 elementor-top-column elementor-element elementor-element-3b6c9be\" data-id=\"3b6c9be\" data-element_type=\"column\">\n\t\t\t<div class=\"elementor-widget-wrap elementor-element-populated\">\n\t\t\t\t\t\t<div class=\"elementor-element elementor-element-eb83235 elementor-widget elementor-widget-text-editor\" data-id=\"eb83235\" data-element_type=\"widget\" data-widget_type=\"text-editor.default\">\n\t\t\t\t<div class=\"elementor-widget-container\">\n\t\t\t\t\t\t\t<ul><li><a href=\"https:\/\/patria.lt\/wp-content\/uploads\/2021\/05\/acpatria2018ataskaita_compressed.pdf\" aria-label=\"2018 activity report\">2018 activity report<\/a><\/li><\/ul>\t\t\t\t\t\t<\/div>\n\t\t\t\t<\/div>\n\t\t\t\t\t<\/div>\n\t\t<\/div>\n\t\t\t\t\t<\/div>\n\t\t<\/section>\n\t\t\t\t<section class=\"elementor-section elementor-top-section elementor-element elementor-element-f138330 elementor-section-boxed elementor-section-height-default elementor-section-height-default\" data-id=\"f138330\" data-element_type=\"section\">\n\t\t\t\t\t\t<div class=\"elementor-container elementor-column-gap-default\">\n\t\t\t\t\t<div class=\"elementor-column elementor-col-33 elementor-top-column elementor-element elementor-element-526a716\" data-id=\"526a716\" data-element_type=\"column\">\n\t\t\t<div class=\"elementor-widget-wrap elementor-element-populated\">\n\t\t\t\t\t\t<div class=\"elementor-element elementor-element-c8d11d4 elementor-widget elementor-widget-text-editor\" data-id=\"c8d11d4\" data-element_type=\"widget\" data-widget_type=\"text-editor.default\">\n\t\t\t\t<div class=\"elementor-widget-container\">\n\t\t\t\t\t\t\t<ul><li>\u00a0<a href=\"https:\/\/patria.lt\/wp-content\/uploads\/2021\/05\/acpatria2017veiklosataskaita.pdf\" aria-label=\"2017 activity report\">2017 activity report<\/a><\/li><\/ul>\t\t\t\t\t\t<\/div>\n\t\t\t\t<\/div>\n\t\t\t\t\t<\/div>\n\t\t<\/div>\n\t\t\t\t<div class=\"elementor-column elementor-col-33 elementor-top-column elementor-element elementor-element-364d1d9\" data-id=\"364d1d9\" data-element_type=\"column\">\n\t\t\t<div class=\"elementor-widget-wrap elementor-element-populated\">\n\t\t\t\t\t\t<div class=\"elementor-element elementor-element-95f1e1f elementor-widget elementor-widget-text-editor\" data-id=\"95f1e1f\" data-element_type=\"widget\" data-widget_type=\"text-editor.default\">\n\t\t\t\t<div class=\"elementor-widget-container\">\n\t\t\t\t\t\t\t<ul><li><a href=\"https:\/\/patria.lt\/wp-content\/uploads\/2021\/05\/2016metataskaita.pdf\" aria-label=\"2016 activity report\">2016 activity report<\/a><\/li><\/ul>\t\t\t\t\t\t<\/div>\n\t\t\t\t<\/div>\n\t\t\t\t\t<\/div>\n\t\t<\/div>\n\t\t\t\t<div class=\"elementor-column elementor-col-33 elementor-top-column elementor-element elementor-element-898da08\" data-id=\"898da08\" data-element_type=\"column\">\n\t\t\t<div class=\"elementor-widget-wrap elementor-element-populated\">\n\t\t\t\t\t\t<div class=\"elementor-element elementor-element-ce2cb56 elementor-widget elementor-widget-text-editor\" data-id=\"ce2cb56\" data-element_type=\"widget\" data-widget_type=\"text-editor.default\">\n\t\t\t\t<div class=\"elementor-widget-container\">\n\t\t\t\t\t\t\t<ul><li><a href=\"https:\/\/patria.lt\/wp-content\/uploads\/2021\/05\/20015metveiklosirfinansineataskaita.pdf\" aria-label=\"2015 activity report\">2015 activity report<\/a><\/li><\/ul>\t\t\t\t\t\t<\/div>\n\t\t\t\t<\/div>\n\t\t\t\t\t<\/div>\n\t\t<\/div>\n\t\t\t\t\t<\/div>\n\t\t<\/section>\n\t\t\t\t<section class=\"elementor-section elementor-top-section elementor-element elementor-element-5d5f5c1 elementor-section-boxed elementor-section-height-default elementor-section-height-default\" data-id=\"5d5f5c1\" data-element_type=\"section\">\n\t\t\t\t\t\t<div class=\"elementor-container elementor-column-gap-default\">\n\t\t\t\t\t<div class=\"elementor-column elementor-col-33 elementor-top-column elementor-element elementor-element-3e440d1\" data-id=\"3e440d1\" data-element_type=\"column\">\n\t\t\t<div class=\"elementor-widget-wrap elementor-element-populated\">\n\t\t\t\t\t\t<div class=\"elementor-element elementor-element-1012706 elementor-widget elementor-widget-text-editor\" data-id=\"1012706\" data-element_type=\"widget\" data-widget_type=\"text-editor.default\">\n\t\t\t\t<div class=\"elementor-widget-container\">\n\t\t\t\t\t\t\t<ul><li><a href=\"https:\/\/patria.lt\/wp-content\/uploads\/2021\/05\/2014apibendrinimasipsl..pdf\" aria-label=\"2014 activity report\">2014 activity report<\/a><\/li><\/ul>\t\t\t\t\t\t<\/div>\n\t\t\t\t<\/div>\n\t\t\t\t\t<\/div>\n\t\t<\/div>\n\t\t\t\t<div class=\"elementor-column elementor-col-33 elementor-top-column elementor-element elementor-element-2e50f35\" data-id=\"2e50f35\" data-element_type=\"column\">\n\t\t\t<div class=\"elementor-widget-wrap elementor-element-populated\">\n\t\t\t\t\t\t<div class=\"elementor-element elementor-element-1aa2496 elementor-widget elementor-widget-text-editor\" data-id=\"1aa2496\" data-element_type=\"widget\" data-widget_type=\"text-editor.default\">\n\t\t\t\t<div class=\"elementor-widget-container\">\n\t\t\t\t\t\t\t<ul><li><a href=\"https:\/\/patria.lt\/wp-content\/uploads\/2021\/05\/2013apibendrinimasipsl..pdf\" aria-label=\"2013 activity report\">2013 activity report<\/a><\/li><\/ul>\t\t\t\t\t\t<\/div>\n\t\t\t\t<\/div>\n\t\t\t\t\t<\/div>\n\t\t<\/div>\n\t\t\t\t<div class=\"elementor-column elementor-col-33 elementor-top-column elementor-element elementor-element-d972337\" data-id=\"d972337\" data-element_type=\"column\">\n\t\t\t<div class=\"elementor-widget-wrap elementor-element-populated\">\n\t\t\t\t\t\t<div class=\"elementor-element elementor-element-23d1cd8 elementor-widget elementor-widget-text-editor\" data-id=\"23d1cd8\" data-element_type=\"widget\" data-widget_type=\"text-editor.default\">\n\t\t\t\t<div class=\"elementor-widget-container\">\n\t\t\t\t\t\t\t<ul><li><a href=\"https:\/\/patria.lt\/wp-content\/uploads\/2021\/05\/2012mataskaita.doc\" aria-label=\"2012 activity report\">2012 activity report<\/a><\/li><\/ul>\t\t\t\t\t\t<\/div>\n\t\t\t\t<\/div>\n\t\t\t\t\t<\/div>\n\t\t<\/div>\n\t\t\t\t\t<\/div>\n\t\t<\/section>\n\t\t\t\t<section class=\"elementor-section elementor-top-section elementor-element elementor-element-b3db81b elementor-section-boxed elementor-section-height-default elementor-section-height-default\" data-id=\"b3db81b\" data-element_type=\"section\">\n\t\t\t\t\t\t<div class=\"elementor-container elementor-column-gap-default\">\n\t\t\t\t\t<div class=\"elementor-column elementor-col-33 elementor-top-column elementor-element elementor-element-f8b1065\" data-id=\"f8b1065\" data-element_type=\"column\">\n\t\t\t<div class=\"elementor-widget-wrap elementor-element-populated\">\n\t\t\t\t\t\t<div class=\"elementor-element elementor-element-bd7198a elementor-widget elementor-widget-text-editor\" data-id=\"bd7198a\" data-element_type=\"widget\" data-widget_type=\"text-editor.default\">\n\t\t\t\t<div class=\"elementor-widget-container\">\n\t\t\t\t\t\t\t<ul><li><a href=\"https:\/\/patria.lt\/wp-content\/uploads\/2021\/05\/veiklos_ataskaita_2011.doc\" aria-label=\"2011 activity report\">2011 activity report<\/a><\/li><\/ul>\t\t\t\t\t\t<\/div>\n\t\t\t\t<\/div>\n\t\t\t\t\t<\/div>\n\t\t<\/div>\n\t\t\t\t<div class=\"elementor-column elementor-col-33 elementor-top-column elementor-element elementor-element-f38da12\" data-id=\"f38da12\" data-element_type=\"column\">\n\t\t\t<div class=\"elementor-widget-wrap elementor-element-populated\">\n\t\t\t\t\t\t<div class=\"elementor-element elementor-element-d0d08c2 elementor-widget elementor-widget-text-editor\" data-id=\"d0d08c2\" data-element_type=\"widget\" data-widget_type=\"text-editor.default\">\n\t\t\t\t<div class=\"elementor-widget-container\">\n\t\t\t\t\t\t\t<ul><li><a href=\"https:\/\/patria.lt\/wp-content\/uploads\/2021\/05\/turinio_ataskaita_2010_m_oficiali.doc\" aria-label=\"2010 activity report\">2010 activity report<\/a><\/li><\/ul>\t\t\t\t\t\t<\/div>\n\t\t\t\t<\/div>\n\t\t\t\t\t<\/div>\n\t\t<\/div>\n\t\t\t\t<div class=\"elementor-column elementor-col-33 elementor-top-column elementor-element elementor-element-c7f20e8\" data-id=\"c7f20e8\" data-element_type=\"column\">\n\t\t\t<div class=\"elementor-widget-wrap elementor-element-populated\">\n\t\t\t\t\t\t<div class=\"elementor-element elementor-element-be6614f elementor-widget elementor-widget-text-editor\" data-id=\"be6614f\" data-element_type=\"widget\" data-widget_type=\"text-editor.default\">\n\t\t\t\t<div class=\"elementor-widget-container\">\n\t\t\t\t\t\t\t<ul><li><a href=\"https:\/\/patria.lt\/wp-content\/uploads\/2021\/05\/ataskaitau2009.doc\" aria-label=\"2009 activity report\">2009 activity report<\/a><\/li><\/ul>\t\t\t\t\t\t<\/div>\n\t\t\t\t<\/div>\n\t\t\t\t\t<\/div>\n\t\t<\/div>\n\t\t\t\t\t<\/div>\n\t\t<\/section>\n\t\t\t\t<section class=\"elementor-section elementor-top-section elementor-element elementor-element-ed8dbb7 elementor-section-boxed elementor-section-height-default elementor-section-height-default\" data-id=\"ed8dbb7\" data-element_type=\"section\">\n\t\t\t\t\t\t<div class=\"elementor-container elementor-column-gap-default\">\n\t\t\t\t\t<div class=\"elementor-column elementor-col-33 elementor-top-column elementor-element elementor-element-d2979ea\" data-id=\"d2979ea\" data-element_type=\"column\">\n\t\t\t<div class=\"elementor-widget-wrap elementor-element-populated\">\n\t\t\t\t\t\t<div class=\"elementor-element elementor-element-18a8d4b elementor-widget elementor-widget-text-editor\" data-id=\"18a8d4b\" data-element_type=\"widget\" data-widget_type=\"text-editor.default\">\n\t\t\t\t<div class=\"elementor-widget-container\">\n\t\t\t\t\t\t\t<ul><li><a href=\"https:\/\/patria.lt\/wp-content\/uploads\/2021\/05\/2008metv.doc\" aria-label=\"2008 activity report\">2008 activity report<\/a><\/li><\/ul>\t\t\t\t\t\t<\/div>\n\t\t\t\t<\/div>\n\t\t\t\t\t<\/div>\n\t\t<\/div>\n\t\t\t\t<div class=\"elementor-column elementor-col-33 elementor-top-column elementor-element elementor-element-3e9748f\" data-id=\"3e9748f\" data-element_type=\"column\">\n\t\t\t<div class=\"elementor-widget-wrap elementor-element-populated\">\n\t\t\t\t\t\t<div class=\"elementor-element elementor-element-51a78e3 elementor-widget elementor-widget-text-editor\" data-id=\"51a78e3\" data-element_type=\"widget\" data-widget_type=\"text-editor.default\">\n\t\t\t\t<div class=\"elementor-widget-container\">\n\t\t\t\t\t\t\t<ul><li><a href=\"https:\/\/patria.lt\/wp-content\/uploads\/2021\/05\/2007metv.doc\" aria-label=\"2007 activity report\">2007 activity report<\/a><\/li><\/ul>\t\t\t\t\t\t<\/div>\n\t\t\t\t<\/div>\n\t\t\t\t\t<\/div>\n\t\t<\/div>\n\t\t\t\t<div class=\"elementor-column elementor-col-33 elementor-top-column elementor-element elementor-element-09f3839\" data-id=\"09f3839\" data-element_type=\"column\">\n\t\t\t<div class=\"elementor-widget-wrap elementor-element-populated\">\n\t\t\t\t\t\t<div class=\"elementor-element elementor-element-61267e6 elementor-widget elementor-widget-text-editor\" data-id=\"61267e6\" data-element_type=\"widget\" data-widget_type=\"text-editor.default\">\n\t\t\t\t<div class=\"elementor-widget-container\">\n\t\t\t\t\t\t\t<ul><li><a href=\"https:\/\/patria.lt\/wp-content\/uploads\/2021\/05\/2006metveiklosataskaita.doc\" aria-label=\"2006 activity report\">2006 activity report<\/a><\/li><\/ul>\t\t\t\t\t\t<\/div>\n\t\t\t\t<\/div>\n\t\t\t\t\t<\/div>\n\t\t<\/div>\n\t\t\t\t\t<\/div>\n\t\t<\/section>\n\t\t\t\t<\/div>","protected":false},"excerpt":{"rendered":"<p>Metin\u0117s ataskaitos Pasiekimai ir finansai Kvie\u010diame per\u017ei\u016br\u0117ti m\u016bs\u0173 organizacijos metines finans\u0173 bei veiklos ataskaitas 2024 m. finansin\u0117s b\u016bkl\u0117s ataskaita 2024 m. veiklos ataskaita 2024 m. metinio balanso ai\u0161kinamasis ra\u0161tas 2023 m. finansin\u0117s ataskaitos 2023 m. metinio balanso ai\u0161kinamasis ra\u0161tas 2023 m. veiklos ataskaita 2022 met\u0173 finansinis balansas 2022 met\u0173 veiklos ataskaita 2021 met\u0173 finansinis balansas [&hellip;]<\/p>\n","protected":false},"author":1,"featured_media":0,"parent":0,"menu_order":0,"comment_status":"closed","ping_status":"closed","template":"","meta":{"give_campaign_id":0,"footnotes":""},"class_list":["post-466","page","type-page","status-publish","hentry","entry","owp-thumbs-layout-horizontal","owp-btn-normal","owp-tabs-layout-horizontal","has-no-thumbnails","has-product-nav"],"aioseo_notices":[],"campaignId":"","_links":{"self":[{"href":"https:\/\/patria.lt\/en\/wp-json\/wp\/v2\/pages\/466","targetHints":{"allow":["GET"]}}],"collection":[{"href":"https:\/\/patria.lt\/en\/wp-json\/wp\/v2\/pages"}],"about":[{"href":"https:\/\/patria.lt\/en\/wp-json\/wp\/v2\/types\/page"}],"author":[{"embeddable":true,"href":"https:\/\/patria.lt\/en\/wp-json\/wp\/v2\/users\/1"}],"replies":[{"embeddable":true,"href":"https:\/\/patria.lt\/en\/wp-json\/wp\/v2\/comments?post=466"}],"version-history":[{"count":102,"href":"https:\/\/patria.lt\/en\/wp-json\/wp\/v2\/pages\/466\/revisions"}],"predecessor-version":[{"id":4122,"href":"https:\/\/patria.lt\/en\/wp-json\/wp\/v2\/pages\/466\/revisions\/4122"}],"wp:attachment":[{"href":"https:\/\/patria.lt\/en\/wp-json\/wp\/v2\/media?parent=466"}],"curies":[{"name":"wp","href":"https:\/\/api.w.org\/{rel}","templated":true}]}}