{"id":450,"date":"2021-05-10T09:11:09","date_gmt":"2021-05-10T09:11:09","guid":{"rendered":"http:\/\/wordpressprojektas.patria.lt\/?page_id=450"},"modified":"2025-12-22T14:09:51","modified_gmt":"2025-12-22T14:09:51","slug":"savanoriu-centras","status":"publish","type":"page","link":"https:\/\/patria.lt\/en\/savanoriu-centras\/","title":{"rendered":"Volunteer centre"},"content":{"rendered":"<h2>VOLUNTEER CENTRE<\/h2>\n<p><strong>\u00a0<span dir=\"ltr\" role=\"presentation\">\u201eA.C. Patria\u201c padeda jauniems \u017emon\u0117ms ir organizacijoms atrasti savanoryst\u0117s <\/span><span dir=\"ltr\" role=\"presentation\">galimybes Lietuvoje ir u\u017esienyje, teikia konsultacijas vietin\u0117s ir tarptautin\u0117s <\/span><span dir=\"ltr\" role=\"presentation\">savanoryst\u0117s temomis.<\/span><\/strong><\/p>\n<p><span dir=\"ltr\" role=\"presentation\">Savanori\u0173 centras \u012fgyvendina \u012fvairias savanoryst\u0117s programas \u2013 nuo vietini\u0173 iki <\/span><span dir=\"ltr\" role=\"presentation\">nacionalini\u0173 ir tarptautini\u0173. Bendradarbiaujame tiek su savanoriais, tiek su <\/span><span dir=\"ltr\" role=\"presentation\">organizacijomis, kurios juos priima. Centro veikla orientuota \u012f dvi pagrindines <\/span><span dir=\"ltr\" role=\"presentation\">sritis: vietin\u0119 ir tarptautin\u0119 savanoryst\u0119.<\/span><\/p>\n<p><img fetchpriority=\"high\" decoding=\"async\" src=\"https:\/\/patria.lt\/wp-content\/uploads\/2021\/06\/savanoriu-centras-ikonele.png\" alt=\"\" width=\"225\" height=\"273\" \/><\/p>\n<h2>Vietin\u0117 savanoryst\u0117 \u201eKaunas &#8211; savanori\u0173 miestas 2025\u201d<\/h2>\n<ul>\n<li><span dir=\"ltr\" role=\"presentation\">Trukm\u0117 \u2013 6 m\u0117nesiai<\/span><\/li>\n<li><span dir=\"ltr\" role=\"presentation\">Am\u017eius \u2013 nuo<\/span> <span dir=\"ltr\" role=\"presentation\">14 iki 29 m.<\/span><\/li>\n<li><span dir=\"ltr\" role=\"presentation\">Laikas \u2013 40 val. per m\u0117nes\u012f (i\u0161 viso 240 val.)<\/span><\/li>\n<\/ul>\n<p><span dir=\"ltr\" role=\"presentation\">Programos pabaigoje suteikiamas pa\u017eym\u0117jimas.<\/span><br role=\"presentation\" \/><span dir=\"ltr\" role=\"presentation\">Norin\u010dios priimti savanorius organizacijos turi tur\u0117ti akreditacij\u0105. Programa<\/span><br role=\"presentation\" \/><span dir=\"ltr\" role=\"presentation\">vykdoma Kauno mieste.<\/span><\/p>\n<p><br role=\"presentation\" \/><span dir=\"ltr\" role=\"presentation\">Savanoriai dalyvauja individualiuose susitikimuose su mentor\u0117mis, grupiniuose<\/span><br role=\"presentation\" \/><span dir=\"ltr\" role=\"presentation\">susitikimuose ir mokymuose.<\/span><\/p>\n<p><br role=\"presentation\" \/><span dir=\"ltr\" role=\"presentation\">Jei nori prisijungti prie vietin\u0117s savanoryst\u0117s, para\u0161yk savanori\u0173 mentor\u0117ms el.<\/span><br role=\"presentation\" \/><span dir=\"ltr\" role=\"presentation\">pa\u0161tu savanoriai@patria.lt arba jst@patria.lt, paskambink 063058865, arba tiesiog<\/span><br role=\"presentation\" \/><span dir=\"ltr\" role=\"presentation\">u\u017esuk \u012f \u201eA.C. Patri\u0105\u201c.<\/span><\/p>\n<p><img decoding=\"async\" src=\"https:\/\/patria.lt\/wp-content\/uploads\/2021\/06\/iniciatyvoskaunui.png\" alt=\"\" width=\"701\" height=\"602\" \/><\/p>\n<h2>Nacionalin\u0117 savanoryst\u0117s programa \u201eJaunimo savanori\u0161ka tarnyba\u201d<\/h2>\n<p><span dir=\"ltr\" role=\"presentation\">It is an opportunity not only to discover a pleasant course of activity, but also to get to know yourself better!<\/span><\/p>\n<ul>\n<li><span dir=\"ltr\" role=\"presentation\">Trukm\u0117 \u2013 6 m\u0117nesiai<\/span><\/li>\n<li><span dir=\"ltr\" role=\"presentation\">Am\u017eius \u2013 nuo<\/span> <span dir=\"ltr\" role=\"presentation\">14 iki 29 m.<\/span><\/li>\n<li><span dir=\"ltr\" role=\"presentation\">Laikas \u2013 40 val. per m\u0117nes\u012f (i\u0161 viso 240 val.)<\/span><\/li>\n<\/ul>\n<p><span dir=\"ltr\" role=\"presentation\">Programos pabaigoje suteikiamas pa\u017eym\u0117jimas.<\/span><\/p>\n<p><span dir=\"ltr\" role=\"presentation\">Norin\u010dios priimti savanorius organizacijos turi tur\u0117ti akreditacij\u0105. Programa<\/span><br role=\"presentation\" \/><span dir=\"ltr\" role=\"presentation\">vykdoma Kauno mieste.<\/span><\/p>\n<p><span dir=\"ltr\" role=\"presentation\">Savanoriai dalyvauja individualiuose susitikimuose su mentor\u0117mis, grupiniuose<\/span><br role=\"presentation\" \/><span dir=\"ltr\" role=\"presentation\">susitikimuose ir mokymuose.<\/span><\/p>\n<p><span dir=\"ltr\" role=\"presentation\">Jei nori prisijungti prie vietin\u0117s savanoryst\u0117s, para\u0161yk savanori\u0173 mentor\u0117ms el.<\/span><br role=\"presentation\" \/><span dir=\"ltr\" role=\"presentation\">pa\u0161tu<\/span> <span dir=\"ltr\" role=\"presentation\">patria.savanoriai@gmail.com arba jst.patria@gmail.com,<\/span> <span dir=\"ltr\" role=\"presentation\">paskambink<\/span><br role=\"presentation\" \/><span dir=\"ltr\" role=\"presentation\">+370 630 58865<\/span><span dir=\"ltr\" role=\"presentation\">, arba tiesiog u\u017esuk \u012f \u201eA.C. Patri\u0105\u201c.<\/span><\/p>\n<p><img decoding=\"async\" src=\"https:\/\/patria.lt\/wp-content\/uploads\/2021\/06\/jst.jpg\" alt=\"\" width=\"950\" height=\"734\" \/><\/p>\n<h2>Tarptautin\u0117 savanoryst\u0117s programa \u201eEuropos solidarumo korpusas\u201c<\/h2>\n<ul>\n<li><span dir=\"ltr\" role=\"presentation\">Duration:<\/span> <span dir=\"ltr\" role=\"presentation\">trumpalaik\u0117 (iki 2 m\u0117n.) arba ilgalaik\u0117 (nuo 2 m\u0117n.)<\/span><\/li>\n<li><span dir=\"ltr\" role=\"presentation\">Am\u017eius:<\/span> <span dir=\"ltr\" role=\"presentation\">18\u201330 met\u0173<\/span><\/li>\n<li><span dir=\"ltr\" role=\"presentation\">Time:<\/span> <span dir=\"ltr\" role=\"presentation\">apie<\/span> <span dir=\"ltr\" role=\"presentation\">35 val. per savait\u0119<\/span><\/li>\n<li><span dir=\"ltr\" role=\"presentation\">Programos pabaigoje i\u0161duodamas pa\u017eym\u0117jimas &#8211; Youthpass<\/span><\/li>\n<li><span dir=\"ltr\" role=\"presentation\">Organizations need accreditation<\/span><\/li>\n<\/ul>\n<p><span dir=\"ltr\" role=\"presentation\">Lietuvos jaunuoliai gali vykti savanoriauti \u012f kitas \u0161alis, o u\u017esienio savanoriai \u2013 atvykti<\/span><br role=\"presentation\" \/><span dir=\"ltr\" role=\"presentation\">savanoriauti \u012f Lietuv\u0105.<\/span><\/p>\n<p><span dir=\"ltr\" role=\"presentation\">Svarstai apie savanoryst\u0119 u\u017esienyje? Ra\u0161yk mums \u012f<\/span> <span dir=\"ltr\" role=\"presentation\">esk@patria.lt<\/span> <span dir=\"ltr\" role=\"presentation\">\u2013 pad\u0117sime \u017eengti pirm\u0105<\/span><br role=\"presentation\" \/><span dir=\"ltr\" role=\"presentation\">\u017eingsn\u012f!<\/span><\/p>\n<p><span dir=\"ltr\" role=\"presentation\">Organizacijoms, norin\u010dioms priimti tarptautinius savanorius, \u012f visus klausimus atsakys:<\/span><br role=\"presentation\" \/><span dir=\"ltr\" role=\"presentation\">scvadovas.patria@gmail.com<\/span><span dir=\"ltr\" role=\"presentation\">, +370 670 05103<\/span><\/p>\n<p>\u00a0<\/p>\n<p><img loading=\"lazy\" decoding=\"async\" src=\"https:\/\/patria.lt\/wp-content\/uploads\/2021\/06\/esk.png\" alt=\"\" width=\"936\" height=\"232\" \/><\/p>\n<p>D\u0117l bendr\u0173 su savanori\u0161ka veikla susijusi\u0173 klausim\u0173, mokym\u0173, galimybi\u0173 savanoriauti arba priimti savanorius kvie\u010diame kreiptis \u012f \u201eA.C.Patria\u201c Savanori\u0173 centro koordinator\u0119 Edit\u0105: <a href=\"mailto:buksavanoriu@gmail.com\">buksavanoriu@gmail.com<\/a>, +37064734826.<\/p>\n<p>Seeing a great interest in volunteering, we also provide counseling to those over 29 years of age. people with a desire and time to volunteer.<\/p>\n<h2>Kaip mes dirbame?<\/h2>\n<p><span dir=\"ltr\" role=\"presentation\">D\u0117l bendr\u0173 klausim\u0173, susijusi\u0173 su savanoryste, mokymais, galimyb\u0117mis savanoriauti ar priimti<\/span><br role=\"presentation\" \/><span dir=\"ltr\" role=\"presentation\">savanorius, kvie\u010diame kreiptis \u012f \u201eA.C. Patria\u201c Savanori\u0173 centro darbuotojus:<\/span><br role=\"presentation\" \/><span dir=\"ltr\" role=\"presentation\">volunteers.patria@gmail.com.<\/span><span dir=\"ltr\" role=\"presentation\">,<\/span> <span dir=\"ltr\" role=\"presentation\">solidarity.patria@gmail.com<\/span><span dir=\"ltr\" role=\"presentation\">,<\/span> <span dir=\"ltr\" role=\"presentation\">+370 670 05103<\/span><\/p>\n<p>\u00a0<\/p>\n<p><strong>We see volunteering as a learning process in which volunteers are involved and the accepting<\/strong><strong>organizations.<\/strong><strong>. <\/strong><\/p>\n<p><strong>\u00a0Values that are important to us:<\/strong><\/p>\n<ul>\n<li>equivalent relationships<\/li>\n<li>physical and psychological security<\/li>\n<li>growth of young person's independence<\/li>\n<\/ul>\n<p><span dir=\"ltr\" role=\"presentation\">Kiekvienas savanoris turi savo mentori\u0173, su kuriuo reguliariai susitinka. \u0160i\u0173 susitikim\u0173 metu<\/span><br role=\"presentation\" \/><span dir=\"ltr\" role=\"presentation\">savanoris reflektuoja patirtis, aptaria kylan\u010dius i\u0161\u0161\u016bkius ir ugdomas kompetencijas. Taip<\/span><br role=\"presentation\" \/><span dir=\"ltr\" role=\"presentation\">savanoris ai\u0161kiau \u012fsivardija, ko i\u0161moko, koki\u0173 \u012fg\u016bd\u017ei\u0173 \u012fgijo ir kaip kei\u010diasi jo po\u017ei\u016bris. Mentoriai<\/span><br role=\"presentation\" \/><span dir=\"ltr\" role=\"presentation\">taip pat padeda konstruktyviau pa\u017evelgti \u012f konfliktines situacijas ir rasti veiksmingus sprendimus<\/span><\/p>\n<p><span dir=\"ltr\" role=\"presentation\">Priiman\u010di\u0173 organizacij\u0173 kuratoriai \/ tutoriai glaud\u017eiai bendradarbiauja su mentoriais, kartu<\/span><br role=\"presentation\" \/><span dir=\"ltr\" role=\"presentation\">analizuoja situacijas, padeda savanoriui \u012fsilieti \u012f organizacij\u0105, palaiko sprend\u017eiant sunkumus bei<\/span><br role=\"presentation\" \/><span dir=\"ltr\" role=\"presentation\">ie\u0161ko konstruktyvi\u0173 i\u0161ei\u010di\u0173 ir kompromis\u0173.<\/span>\u00a0<\/p>\n<p><span dir=\"ltr\" role=\"presentation\">Tokios priemon\u0117s pasiteisina: net jei savanoris nusprend\u017eia baigti tarnyb\u0105 anks\u010diau, jis tai daro<\/span><br role=\"presentation\" \/><span dir=\"ltr\" role=\"presentation\">s\u0105moningai, suprasdamas, ko i\u0161 \u0161ios patirties i\u0161moko. Savanoryst\u0117s nutraukimas pas mus niekada<\/span><br role=\"presentation\" \/><span dir=\"ltr\" role=\"presentation\">neb\u016bna spontani\u0161kas &#8211; kilus sunkumams, kartu ie\u0161kome geriausio sprendimo.<\/span><\/p>\n<p><span dir=\"ltr\" role=\"presentation\">Sud\u0117tingas situacijas sprend\u017eiame nuosekliai: suteikiame gr\u012f\u017etam\u0105j\u012f ry\u0161\u012f, aptariame, kaip<\/span><br role=\"presentation\" \/><span dir=\"ltr\" role=\"presentation\">matome situacij\u0105, ir kokios tolesn\u0117s galimyb\u0117s.<\/span><\/p>\n<p><strong>Jei svarstai apie savanoryst\u0119 ar turi klausim\u0173 &#8211; dr\u0105siai kreipkis \u012f m\u016bs\u0173 komand\u0105!<\/strong><\/p>\n<p>\u00a0<\/p>\n<p><strong>The activities of the AC Patria Center are financed by:\u00a0<\/strong><\/p>\n<p><a style=\"color: #f16021;\" href=\"https:\/\/jtba.lt\/\" target=\"_blank\" rel=\"noopener\">Agency for International Youth Cooperation from the European Union Program \"European Solidarity Corps\" <\/a><\/p>\n<p><a style=\"color: #f16021;\" href=\"https:\/\/jrd.lt\/\" target=\"_blank\" rel=\"noopener\">Department of Youth Affairs under the Ministry of Social Security and Labor<\/a><\/p>\n<p><a style=\"color: #f16021;\" href=\"https:\/\/iniciatyvos.kaunas.lt\/\" target=\"_blank\" rel=\"noopener\">Kaunas city municipality<\/a> \u00a0<\/p>\n<h3>FOLLOW OUR ACTIVITIES<\/h3>\n<h2>norite u\u017esisakyti naujienlai\u0161k\u012f? ra\u0161ykite mums!<\/h2>\n<p>info@patria.lt<\/p>\n<p>You can also follow our news on social networks:<\/p>\n<p><a href=\"https:\/\/www.facebook.com\/A.C.Patria\/\"><br \/>FACEBOOK<br \/><\/a><br \/><a href=\"https:\/\/www.instagram.com\/acpatria\/?hl=en\"><br \/>INSTAGRAM<br \/><\/a><br \/><img loading=\"lazy\" decoding=\"async\" src=\"https:\/\/patria.lt\/wp-content\/uploads\/2021\/05\/rankos-kontaktai2-1024x642.png\" alt=\"\" width=\"1024\" height=\"642\" \/><\/p>\n\n\n<p><\/p>","protected":false},"excerpt":{"rendered":"<p>SAVANORI\u0172 CENTRAS \u00a0\u201eA.C. Patria\u201c padeda jauniems \u017emon\u0117ms ir organizacijoms atrasti savanoryst\u0117s galimybes Lietuvoje ir u\u017esienyje, teikia konsultacijas vietin\u0117s ir tarptautin\u0117s savanoryst\u0117s temomis. Savanori\u0173 centras \u012fgyvendina \u012fvairias savanoryst\u0117s programas \u2013 nuo vietini\u0173 iki nacionalini\u0173 ir tarptautini\u0173. Bendradarbiaujame tiek su savanoriais, tiek su organizacijomis, kurios juos priima. Centro veikla orientuota \u012f dvi pagrindines sritis: vietin\u0119 ir tarptautin\u0119 [&hellip;]<\/p>\n","protected":false},"author":1,"featured_media":0,"parent":0,"menu_order":0,"comment_status":"closed","ping_status":"closed","template":"","meta":{"give_campaign_id":0,"footnotes":""},"class_list":["post-450","page","type-page","status-publish","hentry","entry","owp-thumbs-layout-horizontal","owp-btn-normal","owp-tabs-layout-horizontal","has-no-thumbnails","has-product-nav"],"aioseo_notices":[],"campaignId":"","_links":{"self":[{"href":"https:\/\/patria.lt\/en\/wp-json\/wp\/v2\/pages\/450","targetHints":{"allow":["GET"]}}],"collection":[{"href":"https:\/\/patria.lt\/en\/wp-json\/wp\/v2\/pages"}],"about":[{"href":"https:\/\/patria.lt\/en\/wp-json\/wp\/v2\/types\/page"}],"author":[{"embeddable":true,"href":"https:\/\/patria.lt\/en\/wp-json\/wp\/v2\/users\/1"}],"replies":[{"embeddable":true,"href":"https:\/\/patria.lt\/en\/wp-json\/wp\/v2\/comments?post=450"}],"version-history":[{"count":116,"href":"https:\/\/patria.lt\/en\/wp-json\/wp\/v2\/pages\/450\/revisions"}],"predecessor-version":[{"id":4313,"href":"https:\/\/patria.lt\/en\/wp-json\/wp\/v2\/pages\/450\/revisions\/4313"}],"wp:attachment":[{"href":"https:\/\/patria.lt\/en\/wp-json\/wp\/v2\/media?parent=450"}],"curies":[{"name":"wp","href":"https:\/\/api.w.org\/{rel}","templated":true}]}}