{"id":3369,"date":"2024-04-30T21:12:14","date_gmt":"2024-04-30T21:12:14","guid":{"rendered":"https:\/\/patria.lt\/krepselis\/"},"modified":"2024-04-30T21:12:14","modified_gmt":"2024-04-30T21:12:14","slug":"krepselis","status":"publish","type":"page","link":"https:\/\/patria.lt\/en\/krepselis\/","title":{"rendered":"Krep\u0161elis"},"content":{"rendered":"<div data-block-name=\"woocommerce\/cart\" class=\"wp-block-woocommerce-cart alignwide is-loading\">\n<div data-block-name=\"woocommerce\/filled-cart-block\" class=\"wp-block-woocommerce-filled-cart-block\">\n<div data-block-name=\"woocommerce\/cart-items-block\" class=\"wp-block-woocommerce-cart-items-block\">\n<div data-block-name=\"woocommerce\/cart-line-items-block\" class=\"wp-block-woocommerce-cart-line-items-block\"><\/div>\n\n\n\n<div data-block-name=\"woocommerce\/cart-cross-sells-block\" class=\"wp-block-woocommerce-cart-cross-sells-block\">\n<h2 class=\"wp-block-heading has-large-font-size\">You may be interested in\u2026<\/h2>\n\n\n\n<div data-block-name=\"woocommerce\/cart-cross-sells-products-block\" class=\"wp-block-woocommerce-cart-cross-sells-products-block\"><\/div>\n<\/div>\n<\/div>\n\n\n\n<div data-block-name=\"woocommerce\/cart-totals-block\" class=\"wp-block-woocommerce-cart-totals-block\">\n<div data-block-name=\"woocommerce\/cart-order-summary-block\" class=\"wp-block-woocommerce-cart-order-summary-block\">\n<div data-block-name=\"woocommerce\/cart-order-summary-heading-block\" class=\"wp-block-woocommerce-cart-order-summary-heading-block\"><\/div><div data-block-name=\"woocommerce\/cart-order-summary-coupon-form-block\" class=\"wp-block-woocommerce-cart-order-summary-coupon-form-block\"><\/div><div data-block-name=\"woocommerce\/cart-order-summary-totals-block\" class=\"wp-block-woocommerce-cart-order-summary-totals-block\">\n<div data-block-name=\"woocommerce\/cart-order-summary-subtotal-block\" class=\"wp-block-woocommerce-cart-order-summary-subtotal-block\"><\/div>\n<div data-block-name=\"woocommerce\/cart-order-summary-discount-block\" class=\"wp-block-woocommerce-cart-order-summary-discount-block\"><\/div>\n<div data-block-name=\"woocommerce\/cart-order-summary-fee-block\" class=\"wp-block-woocommerce-cart-order-summary-fee-block\"><\/div>\n<div data-block-name=\"woocommerce\/cart-order-summary-shipping-block\" class=\"wp-block-woocommerce-cart-order-summary-shipping-block\"><\/div>\n<div data-block-name=\"woocommerce\/cart-order-summary-taxes-block\" class=\"wp-block-woocommerce-cart-order-summary-taxes-block\"><\/div><\/div>\n<\/div>\n\n\n\n<div data-block-name=\"woocommerce\/cart-express-payment-block\" class=\"wp-block-woocommerce-cart-express-payment-block\"><\/div>\n\n\n\n<div data-block-name=\"woocommerce\/proceed-to-checkout-block\" class=\"wp-block-woocommerce-proceed-to-checkout-block\"><\/div>\n\n\n\n<div data-block-name=\"woocommerce\/cart-accepted-payment-methods-block\" class=\"wp-block-woocommerce-cart-accepted-payment-methods-block\"><\/div>\n<\/div>\n<\/div>\n\n\n\n<div data-block-name=\"woocommerce\/empty-cart-block\" class=\"wp-block-woocommerce-empty-cart-block\">\n<h2 class=\"wp-block-heading has-text-align-center with-empty-cart-icon wc-block-cart__empty-cart__title\">J\u016bs\u0173 krep\u0161elis kol kas tu\u0161\u010dias.<\/h2>\n\n\n\n<hr class=\"wp-block-separator has-alpha-channel-opacity is-style-dots\"\/>\n\n\n\n<h2 class=\"wp-block-heading has-text-align-center\">Naujausi produktai<\/h2>\n\n\n<div data-block-name=\"woocommerce\/product-new\" data-columns=\"4\" data-rows=\"1\" class=\"wc-block-grid wp-block-product-new wp-block-woocommerce-product-new wc-block-product-new has-4-columns\"><ul class=\"wc-block-grid__products\"><li class=\"wc-block-grid__product\">\n\t\t\t\t<a href=\"https:\/\/patria.lt\/en\/produktas\/savanorystes-dienorastis\/\" class=\"wc-block-grid__product-link\">\n\t\t\t\t\t\n\t\t\t\t\t<div class=\"wc-block-grid__product-image\"><img fetchpriority=\"high\" decoding=\"async\" width=\"300\" height=\"300\" src=\"https:\/\/patria.lt\/wp-content\/uploads\/2024\/10\/output-onlinepngtools-300x300.png\" class=\"attachment-woocommerce_thumbnail size-woocommerce_thumbnail\" alt=\"Savanoryst\u0117s dienora\u0161tis\" srcset=\"https:\/\/patria.lt\/wp-content\/uploads\/2024\/10\/output-onlinepngtools-300x300.png 300w, https:\/\/patria.lt\/wp-content\/uploads\/2024\/10\/output-onlinepngtools-150x150.png 150w, https:\/\/patria.lt\/wp-content\/uploads\/2024\/10\/output-onlinepngtools-600x600.png 600w, https:\/\/patria.lt\/wp-content\/uploads\/2024\/10\/output-onlinepngtools-100x100.png 100w\" sizes=\"(max-width: 300px) 100vw, 300px\" \/><\/div>\n\t\t\t\t\t<div class=\"wc-block-grid__product-title\">Savanoryst\u0117s dienora\u0161tis<\/div>\n\t\t\t\t<\/a>\n\t\t\t\t<div class=\"wc-block-grid__product-price price\"><span class=\"woocommerce-Price-amount amount\">8,99&nbsp;<span class=\"woocommerce-Price-currencySymbol\">&euro;<\/span><\/span><\/div>\n\t\t\t\t\n\t\t\t\t<div class=\"wp-block-button wc-block-grid__product-add-to-cart\"><a href=\"\/en\/wp-json\/wp\/v2\/pages\/3369?add-to-cart=3706\" aria-label=\"Add to cart: \u201cSavanoryst\u0117s dienora\u0161tis\u201d\" data-quantity=\"1\" data-product_id=\"3706\" data-product_sku=\"savanorystes-dienorastis\" data-price=\"8.99\" rel=\"nofollow\" class=\"wp-block-button__link  add_to_cart_button ajax_add_to_cart\" data-no-translation=\"\" data-trp-gettext=\"\" data-no-translation-aria-label=\"\">Add to cart<\/a><\/div>\n\t\t\t<\/li><li class=\"wc-block-grid__product\">\n\t\t\t\t<a href=\"https:\/\/patria.lt\/en\/produktas\/korteliu-rinkinys-kelias-i-savirealizacija\/\" class=\"wc-block-grid__product-link\">\n\t\t\t\t\t\n\t\t\t\t\t<div class=\"wc-block-grid__product-image\"><img decoding=\"async\" width=\"300\" height=\"300\" src=\"https:\/\/patria.lt\/wp-content\/uploads\/2024\/05\/Koretles2-300x300.jpg\" class=\"attachment-woocommerce_thumbnail size-woocommerce_thumbnail\" alt=\"Korteles2\" srcset=\"https:\/\/patria.lt\/wp-content\/uploads\/2024\/05\/Koretles2-300x300.jpg 300w, https:\/\/patria.lt\/wp-content\/uploads\/2024\/05\/Koretles2-1024x1024.jpg 1024w, https:\/\/patria.lt\/wp-content\/uploads\/2024\/05\/Koretles2-150x150.jpg 150w, https:\/\/patria.lt\/wp-content\/uploads\/2024\/05\/Koretles2-768x768.jpg 768w, https:\/\/patria.lt\/wp-content\/uploads\/2024\/05\/Koretles2-1536x1536.jpg 1536w, https:\/\/patria.lt\/wp-content\/uploads\/2024\/05\/Koretles2-2048x2048.jpg 2048w, https:\/\/patria.lt\/wp-content\/uploads\/2024\/05\/Koretles2-12x12.jpg 12w, https:\/\/patria.lt\/wp-content\/uploads\/2024\/05\/Koretles2-600x600.jpg 600w, https:\/\/patria.lt\/wp-content\/uploads\/2024\/05\/Koretles2-100x100.jpg 100w\" sizes=\"(max-width: 300px) 100vw, 300px\" \/><\/div>\n\t\t\t\t\t<div class=\"wc-block-grid__product-title\">Korteli\u0173 rinkinys &#8222;Kelias \u012f savirealizacij\u0105&#8221;<\/div>\n\t\t\t\t<\/a>\n\t\t\t\t<div class=\"wc-block-grid__product-price price\"><span class=\"woocommerce-Price-amount amount\">14,99&nbsp;<span class=\"woocommerce-Price-currencySymbol\">&euro;<\/span><\/span><\/div>\n\t\t\t\t\n\t\t\t\t<div class=\"wp-block-button wc-block-grid__product-add-to-cart\"><a href=\"\/en\/wp-json\/wp\/v2\/pages\/3369?add-to-cart=3507\" aria-label=\"Add to cart: \u201cKorteli\u0173 rinkinys &quot;Kelias \u012f savirealizacij\u0105&quot;\u201d\" data-quantity=\"1\" data-product_id=\"3507\" data-product_sku=\"korteles\" data-price=\"14.99\" rel=\"nofollow\" class=\"wp-block-button__link  add_to_cart_button ajax_add_to_cart\" data-no-translation=\"\" data-trp-gettext=\"\" data-no-translation-aria-label=\"\">Add to cart<\/a><\/div>\n\t\t\t<\/li><li class=\"wc-block-grid__product\">\n\t\t\t\t<a href=\"https:\/\/patria.lt\/en\/product\/dzemperis-tikiu-savimi\/\" class=\"wc-block-grid__product-link\">\n\t\t\t\t\t\n\t\t\t\t\t<div class=\"wc-block-grid__product-image\"><img decoding=\"async\" width=\"300\" height=\"300\" src=\"https:\/\/patria.lt\/wp-content\/uploads\/2024\/05\/Dzemperis-300x300.jpg\" class=\"attachment-woocommerce_thumbnail size-woocommerce_thumbnail\" alt=\"Dzemperis\" srcset=\"https:\/\/patria.lt\/wp-content\/uploads\/2024\/05\/Dzemperis-300x300.jpg 300w, https:\/\/patria.lt\/wp-content\/uploads\/2024\/05\/Dzemperis-1024x1024.jpg 1024w, https:\/\/patria.lt\/wp-content\/uploads\/2024\/05\/Dzemperis-150x150.jpg 150w, https:\/\/patria.lt\/wp-content\/uploads\/2024\/05\/Dzemperis-768x768.jpg 768w, https:\/\/patria.lt\/wp-content\/uploads\/2024\/05\/Dzemperis-1536x1536.jpg 1536w, https:\/\/patria.lt\/wp-content\/uploads\/2024\/05\/Dzemperis-2048x2048.jpg 2048w, https:\/\/patria.lt\/wp-content\/uploads\/2024\/05\/Dzemperis-12x12.jpg 12w, https:\/\/patria.lt\/wp-content\/uploads\/2024\/05\/Dzemperis-600x600.jpg 600w, https:\/\/patria.lt\/wp-content\/uploads\/2024\/05\/Dzemperis-100x100.jpg 100w\" sizes=\"(max-width: 300px) 100vw, 300px\" \/><\/div>\n\t\t\t\t\t<div class=\"wc-block-grid__product-title\">D\u017eemperis &#8222;Tikiu savimi&#8221;<\/div>\n\t\t\t\t<\/a>\n\t\t\t\t<div class=\"wc-block-grid__product-price price\"><span class=\"woocommerce-Price-amount amount\">39,99&nbsp;<span class=\"woocommerce-Price-currencySymbol\">&euro;<\/span><\/span><\/div>\n\t\t\t\t\n\t\t\t\t<div class=\"wp-block-button wc-block-grid__product-add-to-cart\"><a href=\"https:\/\/patria.lt\/en\/product\/dzemperis-tikiu-savimi\/\" aria-label=\"Select options for \u201cD\u017eemperis &quot;Tikiu savimi&quot;\u201d\" data-quantity=\"1\" data-product_id=\"3499\" data-product_sku=\"dzemperis-tikiu\" data-price=\"39.99\" rel=\"nofollow\" class=\"wp-block-button__link  add_to_cart_button\" data-no-translation=\"\" data-trp-gettext=\"\" data-no-translation-aria-label=\"\">Select options<\/a><\/div>\n\t\t\t<\/li><\/ul><\/div><\/div>\n<\/div>","protected":false},"excerpt":{"rendered":"","protected":false},"author":1,"featured_media":0,"parent":0,"menu_order":0,"comment_status":"closed","ping_status":"closed","template":"","meta":{"give_campaign_id":0,"footnotes":""},"class_list":["post-3369","page","type-page","status-publish","hentry","entry","owp-thumbs-layout-horizontal","owp-btn-normal","owp-tabs-layout-horizontal","has-no-thumbnails","has-product-nav"],"aioseo_notices":[],"campaignId":"","_links":{"self":[{"href":"https:\/\/patria.lt\/en\/wp-json\/wp\/v2\/pages\/3369","targetHints":{"allow":["GET"]}}],"collection":[{"href":"https:\/\/patria.lt\/en\/wp-json\/wp\/v2\/pages"}],"about":[{"href":"https:\/\/patria.lt\/en\/wp-json\/wp\/v2\/types\/page"}],"author":[{"embeddable":true,"href":"https:\/\/patria.lt\/en\/wp-json\/wp\/v2\/users\/1"}],"replies":[{"embeddable":true,"href":"https:\/\/patria.lt\/en\/wp-json\/wp\/v2\/comments?post=3369"}],"version-history":[{"count":0,"href":"https:\/\/patria.lt\/en\/wp-json\/wp\/v2\/pages\/3369\/revisions"}],"wp:attachment":[{"href":"https:\/\/patria.lt\/en\/wp-json\/wp\/v2\/media?parent=3369"}],"curies":[{"name":"wp","href":"https:\/\/api.w.org\/{rel}","templated":true}]}}